{"id":253,"date":"2012-12-23T16:47:52","date_gmt":"2012-12-23T15:47:52","guid":{"rendered":"http:\/\/www.opavasoft.cz\/wordpress\/?page_id=253"},"modified":"2020-11-15T14:41:42","modified_gmt":"2020-11-15T13:41:42","slug":"kontakt","status":"publish","type":"page","link":"https:\/\/www.opavasoft.cz\/wordpress\/?page_id=253","title":{"rendered":"Kontakt"},"content":{"rendered":"<p>&nbsp;<\/p>\n<table style=\"height: 209px;\" border=\"1\" width=\"512\" cellpadding=\"10\">\n<tbody>\n<tr>\n<td style=\"background-color: #ecefef;\"><span style=\"font-size: medium;\"><strong><br \/>\nIng. Jan Maty\u00e1\u0161ek<br \/>\n<\/strong><\/span><\/p>\n<pre><span style=\"font-size: medium;\">I\u010c: 70606153<\/span><\/pre>\n<pre><span style=\"font-size: medium;\">email:info@opavasoft.cz\n<\/span><span style=\"font-size: medium;\">mobil: 608 622 825\n<\/span><\/pre>\n<pre><span style=\"font-size: medium;\">Adresa: 28.\u0159\u00edjna 26, 747 05 Opava<\/span>\n<span style=\"font-size: medium;\">bankovn\u00ed spojen\u00ed: 670100 \u2013 2211271934 \/ 6210<\/span><\/pre>\n<p>&nbsp;<\/td>\n<\/tr>\n<\/tbody>\n<\/table>\n<p>&nbsp;<\/p>\n<p><!--\n\n\n<h3><strong>Kontaktn\u00ed formul\u00e1\u0159:<\/strong><\/h3>\n\n\n\n\n<table border=\"1\" cellpadding=\"4\">\n\n\n<tbody>\n\n\n<tr>\n\n\n<td> [contact-form-7 id=\"48\" title=\"Kontaktn\u00ed formul\u00e1\u0159&nbsp;\"]<\/td>\n\n\n<\/tr>\n\n\n<\/tbody>\n\n\n<\/table>\n\n\n--><br \/>\n<div class=\"ufbl-form-wrapper ufbl-default-template\" style=\"width:80%;\">\r\n    <form method=\"post\" action=\"\" class=\"ufbl-front-form\">\r\n\t\t<div class=\"ufbl-form-title\">Kontaktn\u00ed formul\u00e1\u0159 pro dotazy \/objedn\u00e1vky<\/div>\t\t\t\t<input type=\"hidden\" name=\"form_id\" value=\"1\" class=\"form-id\"\/>\r\n\t\t\t\t\t\t\t\t<div class=\"ufbl-form-field-wrap \" >\r\n\t\t\t\t\t\t\t<label>Jm\u00e9no a p\u0159\u00edjmen\u00ed<\/label>\r\n\t\t\t\t\t\t\t<div class=\"ufbl-form-field\">\r\n\t\t\t\t\t\t\t\t<input type=\"text\" name=\"ufbl_field_1\" class=\"ufbl-form-textfield ufbl-required\" data-max-chars=\"\" data-min-chars=\"\" data-error-message=\"Pros\u00edm vypl\u0148te va\u0161e jm\u00e9no\" placeholder=\"\" value=\"\"\/>\r\n\t\t\t\t\t\t\t\t<div class=\"ufbl-error\"  data-error-key=\"ufbl_field_1\"><\/div>\r\n\t\t\t\t\t\t\t<\/div>\r\n\t\t\t\t\t\t<\/div>\r\n\t\t\t\t\t\t\t\t\t\t\t\t<div class=\"ufbl-form-field-wrap \" >\r\n\t\t\t\t\t\t\t<label>Va\u0161e emailov\u00e1 adresa<\/label>\r\n\t\t\t\t\t\t\t<div class=\"ufbl-form-field\">\r\n\t\t\t\t\t\t\t\t<input type=\"text\" name=\"ufbl_field_2\" class=\"ufbl-form-textfield ufbl-required\" data-max-chars=\"\" data-min-chars=\"\" data-error-message=\"Vypl\u0148te Va\u0161i emailovou adresu\" placeholder=\"\" value=\"\"\/>\r\n\t\t\t\t\t\t\t\t<div class=\"ufbl-error\"  data-error-key=\"ufbl_field_2\"><\/div>\r\n\t\t\t\t\t\t\t<\/div>\r\n\t\t\t\t\t\t<\/div>\r\n\t\t\t\t\t\t\t\t\t\t\t\t<div class=\"ufbl-form-field-wrap \" >\r\n\t\t\t\t\t\t\t<label>Text dotazu \/ objedn\u00e1vka<\/label>\r\n\t\t\t\t\t\t\t<div class=\"ufbl-form-field\">\r\n\t\t\t\t\t\t\t\t<textarea name=\"ufbl_field_5\" class=\"ufbl-form-textarea \" data-max-chars=\"\" data-min-chars=\"\" data-error-message=\"Vypl\u0148te text zpr\u00e1vy\" rows=\"5\" cols=\"10\" placeholder=\"\"><\/textarea>\r\n\t\t\t\t\t\t\t\t<div class=\"ufbl-error\"  data-error-key=\"ufbl_field_5\"><\/div>\r\n\t\t\t\t\t\t\t<\/div>\r\n\t\t\t\t\t\t<\/div>\r\n\t\t\t\t\t\t\t\t\t\t\t\t<div class=\"ufbl-form-field-wrap \" >\r\n\t\t\t\t\t\t\t<label>Kontroln\u00ed ot\u00e1zka<\/label>\r\n\t\t\t\t\t\t\t<div class=\"ufbl-form-field\">\r\n\t\t\t\t\t\t\t\t\t\t\t\t\t\t\t\t\t<div class=\"ufbl-math-captcha-wrap\">\r\n\t\t\t\t\t\t\t\t\t\t<span class=\"ufbl-captcha-num\">1<\/span> + <span>9<\/span> = <input type=\"text\" name=\"ufbl_field_4\" class=\"ufbl-math-captcha-ans\" placeholder=\"Napi\u0161te v\u00fdsledek\"\/>\r\n\t\t\t\t\t\t\t\t\t\t<input type=\"hidden\" name=\"ufbl_field_4_num_1\" value=\"1\"\/>\r\n\t\t\t\t\t\t\t\t\t\t<input type=\"hidden\" name=\"ufbl_field_4_num_2\" value=\"9\"\/>\r\n\t\t\t\t\t\t\t\t\t<\/div>\r\n\t\t\t\t\t\t\t\t\r\n\t\t\t\t\t\t\t\t<div class=\"ufbl-error\" data-error-key=\"ufbl_field_4\"><\/div>\r\n\t\t\t\t\t\t\t<\/div>\r\n\t\t\t\t\t\t<\/div>\r\n\t\t\t\t\t\t\t\t\t\t\t\t<div class=\"ufbl-form-field-wrap \" >\r\n\t\t\t\t\t\t\t<div class=\"ufbl-form-field\">\r\n\t\t\t\t\t\t\t\t<input type=\"submit\" class=\"ufbl-form-submit\" name=\"ufbl_field_3\" value=\"Odeslat\"\/>\r\n\t\t\t\t\t\t\t\t\t\t\t\t\t\t\t\t<span class=\"ufbl-form-loader\" style=\"display:none\"><\/span>\r\n\t\t\t\t\t\t\t<\/div>\r\n\t\t\t\t\t\t<\/div>\r\n\t\t\t\t\t\t\t\t<div class=\"ufbl-form-message\" style=\"display: none;\"><\/div>\r\n\r\n\t\t\t<\/form>\r\n\r\n<\/div>\r\n\r\n<\/p>\n","protected":false},"excerpt":{"rendered":"<p>&nbsp; Ing. Jan Maty\u00e1\u0161ek I\u010c: 70606153 email:info@opavasoft.cz mobil: 608 622 825 Adresa: 28.\u0159\u00edjna 26, 747 05 Opava bankovn\u00ed spojen\u00ed: 670100 \u2013 2211271934 \/ 6210 &nbsp; &nbsp;<\/p>\n","protected":false},"author":1,"featured_media":0,"parent":0,"menu_order":0,"comment_status":"closed","ping_status":"open","template":"template-twocolumnsleft.php","meta":[],"_links":{"self":[{"href":"https:\/\/www.opavasoft.cz\/wordpress\/index.php?rest_route=\/wp\/v2\/pages\/253"}],"collection":[{"href":"https:\/\/www.opavasoft.cz\/wordpress\/index.php?rest_route=\/wp\/v2\/pages"}],"about":[{"href":"https:\/\/www.opavasoft.cz\/wordpress\/index.php?rest_route=\/wp\/v2\/types\/page"}],"author":[{"embeddable":true,"href":"https:\/\/www.opavasoft.cz\/wordpress\/index.php?rest_route=\/wp\/v2\/users\/1"}],"replies":[{"embeddable":true,"href":"https:\/\/www.opavasoft.cz\/wordpress\/index.php?rest_route=%2Fwp%2Fv2%2Fcomments&post=253"}],"version-history":[{"count":34,"href":"https:\/\/www.opavasoft.cz\/wordpress\/index.php?rest_route=\/wp\/v2\/pages\/253\/revisions"}],"predecessor-version":[{"id":1092,"href":"https:\/\/www.opavasoft.cz\/wordpress\/index.php?rest_route=\/wp\/v2\/pages\/253\/revisions\/1092"}],"wp:attachment":[{"href":"https:\/\/www.opavasoft.cz\/wordpress\/index.php?rest_route=%2Fwp%2Fv2%2Fmedia&parent=253"}],"curies":[{"name":"wp","href":"https:\/\/api.w.org\/{rel}","templated":true}]}}