{"id":159,"date":"2012-12-20T08:43:59","date_gmt":"2012-12-20T07:43:59","guid":{"rendered":"http:\/\/www.opavasoft.cz\/wordpress\/?page_id=159"},"modified":"2022-07-07T15:47:45","modified_gmt":"2022-07-07T13:47:45","slug":"dp2010-dokumentace","status":"publish","type":"page","link":"https:\/\/www.opavasoft.cz\/wordpress\/?page_id=159","title":{"rendered":"DP2013 &#8211; dokumentace k programu"},"content":{"rendered":"\n<figure class=\"wp-block-table\"><table><tbody><tr><td>&nbsp;<a href=\"http:\/\/www.opavasoft.cz\/dp\/manual\/DP2013doc.pdf\"><img loading=\"lazy\" class=\"alignnone size-full wp-image-185\" title=\"aar\" src=\"https:\/\/www.opavasoft.cz\/wordpress\/wp-content\/uploads\/2012\/12\/aar.jpg\" alt=\"\" width=\"17\" height=\"15\"><\/a><\/td><td><strong><em><a href=\"http:\/\/www.opavasoft.cz\/dp\/manual\/DP2013doc.pdf\" target=\"_blank\" rel=\"noreferrer noopener\" title=\"DP2013doc-pdf\">Z\u00e1kladn\u00ed dokumentace k programu DP2013 <\/a><\/em><\/strong><\/td><\/tr><\/tbody><\/table><\/figure>\n\n\n\n<figure class=\"wp-block-table\"><table><tbody><tr><td>&nbsp;<a href=\"http:\/\/www.opavasoft.cz\/dp\/manual\/DPweb.pdf\"><img loading=\"lazy\" title=\"aar\" width=\"17\" height=\"15\" class=\"alignnone size-full wp-image-185\" src=\"https:\/\/www.opavasoft.cz\/wordpress\/wp-content\/uploads\/2012\/12\/aar.jpg\" alt=\"\"><\/a><\/td><td><strong><em><a href=\"http:\/\/www.opavasoft.cz\/dp\/manual\/DPweb.pdf\" target=\"_blank\" rel=\"noreferrer noopener\" title=\"DPweb.pdf \">dokumentace k dopl\u0148kov\u00e9 apl<\/a><a href=\"http:\/\/www.opavasoft.cz\/dp\/manual\/DPweb.pdf\" title=\"DPweb.pdf\">i<\/a><a title=\"DPweb.pdf\" href=\"http:\/\/www.opavasoft.cz\/dp\/manual\/DPweb.pdf\">kaci DPweb<\/a><\/em><\/strong><\/td><\/tr><\/tbody><\/table><\/figure>\n\n\n\n<p><\/p>\n","protected":false},"excerpt":{"rendered":"<p>&nbsp; Z\u00e1kladn\u00ed dokumentace k programu DP2013 &nbsp; dokumentace k dopl\u0148kov\u00e9 aplikaci DPweb<\/p>\n","protected":false},"author":1,"featured_media":0,"parent":80,"menu_order":0,"comment_status":"closed","ping_status":"closed","template":"template-onecolumn.php","meta":[],"_links":{"self":[{"href":"https:\/\/www.opavasoft.cz\/wordpress\/index.php?rest_route=\/wp\/v2\/pages\/159"}],"collection":[{"href":"https:\/\/www.opavasoft.cz\/wordpress\/index.php?rest_route=\/wp\/v2\/pages"}],"about":[{"href":"https:\/\/www.opavasoft.cz\/wordpress\/index.php?rest_route=\/wp\/v2\/types\/page"}],"author":[{"embeddable":true,"href":"https:\/\/www.opavasoft.cz\/wordpress\/index.php?rest_route=\/wp\/v2\/users\/1"}],"replies":[{"embeddable":true,"href":"https:\/\/www.opavasoft.cz\/wordpress\/index.php?rest_route=%2Fwp%2Fv2%2Fcomments&post=159"}],"version-history":[{"count":28,"href":"https:\/\/www.opavasoft.cz\/wordpress\/index.php?rest_route=\/wp\/v2\/pages\/159\/revisions"}],"predecessor-version":[{"id":1213,"href":"https:\/\/www.opavasoft.cz\/wordpress\/index.php?rest_route=\/wp\/v2\/pages\/159\/revisions\/1213"}],"up":[{"embeddable":true,"href":"https:\/\/www.opavasoft.cz\/wordpress\/index.php?rest_route=\/wp\/v2\/pages\/80"}],"wp:attachment":[{"href":"https:\/\/www.opavasoft.cz\/wordpress\/index.php?rest_route=%2Fwp%2Fv2%2Fmedia&parent=159"}],"curies":[{"name":"wp","href":"https:\/\/api.w.org\/{rel}","templated":true}]}}